{"id":345,"date":"2020-03-15T19:25:18","date_gmt":"2020-03-15T19:25:18","guid":{"rendered":"http:\/\/neu.foto-schlaeper.de\/?page_id=345"},"modified":"2020-03-15T19:27:56","modified_gmt":"2020-03-15T19:27:56","slug":"impressum","status":"publish","type":"page","link":"https:\/\/foto-schlaeper.de\/?page_id=345","title":{"rendered":"Impressum"},"content":{"rendered":"\n<h2 class=\"wp-block-heading\">Verantwortlich f\u00fcr diese Webseiten<\/h2>\n\n\n\n<p>Fotostudio Dietmar Schl\u00e4per<br>58642 Iserlohn-Letmathe<br>Hagener Strasse 19<br>Telefon: +49 (0) 23 74 \/ 75 81 134<\/p>\n\n\n\n<p><a href=\"mailto:info@foto-schlaeper.de\">info@foto-schlaeper.de<\/a><br><a href=\"http:\/\/foto-schlaeper.de\/\">www.foto-schlaeper.de<\/a><\/p>\n\n\n\n<p><strong>St-Nr.:\u00a0<\/strong>32852171730<br><strong>UST-ID-Nr.:<\/strong>\u00a0DE 144409698<\/p>\n\n\n\n<h2 class=\"wp-block-heading\">Gesch\u00e4ftsf\u00fchrer und Inhaber<\/h2>\n\n\n\n<p>Dietmar Schl\u00e4per, Diplom Fotodesigner<\/p>\n\n\n\n<h2 class=\"wp-block-heading\">Haftungsausschluss<\/h2>\n\n\n\n<p>Das Fotostudio Dietmar Schl\u00e4per \u00fcbernimmt keine Gew\u00e4hr f\u00fcr die Aktualit\u00e4t, Richtigkeit und Vollst\u00e4ndigkeit der Informationen auf diesen Seiten, oder den jederzeitigen st\u00f6rungsfreien Zugang. Des Weiteren \u00fcbernimmt das Fotostudio Dietmar Schl\u00e4per keinen Regress f\u00fcr evtl. auftretende Besch\u00e4digungen an Ger\u00e4ten oder Software und den Folgen daraus, die durch oder bei der Nutzung dieser Seiten evtl. auftreten. Sofern von dieser Webseite auf Internetseiten verwiesen wird, die von Dritten betrieben werden, \u00fcbernimmt das Fotostudio Dietmar Schl\u00e4per keine Verantwortung f\u00fcr deren Inhalte.<\/p>\n\n\n\n<h2 class=\"wp-block-heading\">Alle Rechte vorbehalten<\/h2>\n\n\n\n<p>Alle Informationen auf dieser Website dienen zur pers\u00f6nlichen Information. Jegliche Art von kommerzieller Nutzung von Inhalten, Abbildungen oder sonstigen M\u00f6glichkeiten ist nicht erlaubt. Die unter dieser Domain ver\u00f6ffentlichen Texte sowie Bilder sind urheberrechtlich gesch\u00fctzt. F\u00fcr downloadbare Inhalte wird keine Haftung \u00fcbernommen.<\/p>\n","protected":false},"excerpt":{"rendered":"<p>Verantwortlich f\u00fcr diese Webseiten Fotostudio Dietmar Schl\u00e4per58642 Iserlohn-LetmatheHagener Strasse 19Telefon: +49 (0) 23 74 \/ 75 81 134 info@foto-schlaeper.dewww.foto-schlaeper.de St-Nr.:\u00a032852171730UST-ID-Nr.:\u00a0DE 144409698 Gesch\u00e4ftsf\u00fchrer und Inhaber Dietmar Schl\u00e4per, Diplom Fotodesigner Haftungsausschluss Das Fotostudio Dietmar Schl\u00e4per \u00fcbernimmt keine Gew\u00e4hr f\u00fcr die Aktualit\u00e4t, Richtigkeit und Vollst\u00e4ndigkeit der Informationen auf diesen Seiten, oder den jederzeitigen st\u00f6rungsfreien Zugang. Des Weiteren \u00fcbernimmt [&hellip;]<\/p>\n","protected":false},"author":1,"featured_media":0,"parent":0,"menu_order":0,"comment_status":"closed","ping_status":"closed","template":"","meta":{"ngg_post_thumbnail":0,"footnotes":""},"class_list":["post-345","page","type-page","status-publish","hentry"],"_links":{"self":[{"href":"https:\/\/foto-schlaeper.de\/index.php?rest_route=\/wp\/v2\/pages\/345","targetHints":{"allow":["GET"]}}],"collection":[{"href":"https:\/\/foto-schlaeper.de\/index.php?rest_route=\/wp\/v2\/pages"}],"about":[{"href":"https:\/\/foto-schlaeper.de\/index.php?rest_route=\/wp\/v2\/types\/page"}],"author":[{"embeddable":true,"href":"https:\/\/foto-schlaeper.de\/index.php?rest_route=\/wp\/v2\/users\/1"}],"replies":[{"embeddable":true,"href":"https:\/\/foto-schlaeper.de\/index.php?rest_route=%2Fwp%2Fv2%2Fcomments&post=345"}],"version-history":[{"count":4,"href":"https:\/\/foto-schlaeper.de\/index.php?rest_route=\/wp\/v2\/pages\/345\/revisions"}],"predecessor-version":[{"id":350,"href":"https:\/\/foto-schlaeper.de\/index.php?rest_route=\/wp\/v2\/pages\/345\/revisions\/350"}],"wp:attachment":[{"href":"https:\/\/foto-schlaeper.de\/index.php?rest_route=%2Fwp%2Fv2%2Fmedia&parent=345"}],"curies":[{"name":"wp","href":"https:\/\/api.w.org\/{rel}","templated":true}]}}